{"id":38228,"date":"2021-02-18T15:16:58","date_gmt":"2021-02-18T15:16:58","guid":{"rendered":"https:\/\/test.ekr.it\/privacy-policy\/"},"modified":"2021-02-18T15:18:47","modified_gmt":"2021-02-18T15:18:47","slug":"privacy-policy","status":"publish","type":"page","link":"https:\/\/test.ekr.it\/es\/privacy-policy\/","title":{"rendered":"Privacy policy"},"content":{"rendered":"[fusion_builder_container type=&#8221;flex&#8221; hundred_percent=&#8221;no&#8221; hundred_percent_height=&#8221;no&#8221; min_height=&#8221;&#8221; hundred_percent_height_scroll=&#8221;no&#8221; align_content=&#8221;stretch&#8221; flex_align_items=&#8221;flex-start&#8221; flex_justify_content=&#8221;flex-start&#8221; flex_column_spacing=&#8221;&#8221; hundred_percent_height_center_content=&#8221;yes&#8221; equal_height_columns=&#8221;no&#8221; container_tag=&#8221;div&#8221; menu_anchor=&#8221;&#8221; hide_on_mobile=&#8221;small-visibility,medium-visibility,large-visibility&#8221; status=&#8221;published&#8221; publish_date=&#8221;&#8221; class=&#8221;&#8221; id=&#8221;&#8221; link_color=&#8221;&#8221; link_hover_color=&#8221;&#8221; border_sizes=&#8221;&#8221; border_sizes_top=&#8221;&#8221; border_sizes_right=&#8221;&#8221; border_sizes_bottom=&#8221;&#8221; border_sizes_left=&#8221;&#8221; border_color=&#8221;&#8221; border_style=&#8221;solid&#8221; spacing_medium=&#8221;&#8221; margin_top_medium=&#8221;&#8221; margin_bottom_medium=&#8221;&#8221; spacing_small=&#8221;&#8221; margin_top_small=&#8221;&#8221; margin_bottom_small=&#8221;&#8221; margin_top=&#8221;&#8221; margin_bottom=&#8221;&#8221; padding_dimensions_medium=&#8221;&#8221; padding_top_medium=&#8221;&#8221; padding_right_medium=&#8221;&#8221; padding_bottom_medium=&#8221;&#8221; padding_left_medium=&#8221;&#8221; padding_dimensions_small=&#8221;&#8221; padding_top_small=&#8221;&#8221; padding_right_small=&#8221;&#8221; padding_bottom_small=&#8221;&#8221; padding_left_small=&#8221;&#8221; padding_top=&#8221;&#8221; padding_right=&#8221;&#8221; padding_bottom=&#8221;&#8221; padding_left=&#8221;&#8221; box_shadow=&#8221;no&#8221; box_shadow_vertical=&#8221;&#8221; box_shadow_horizontal=&#8221;&#8221; box_shadow_blur=&#8221;0&#8243; box_shadow_spread=&#8221;0&#8243; box_shadow_color=&#8221;&#8221; box_shadow_style=&#8221;&#8221; z_index=&#8221;&#8221; overflow=&#8221;&#8221; gradient_start_color=&#8221;&#8221; gradient_end_color=&#8221;&#8221; gradient_start_position=&#8221;0&#8243; gradient_end_position=&#8221;100&#8243; gradient_type=&#8221;linear&#8221; radial_direction=&#8221;center center&#8221; linear_angle=&#8221;180&#8243; background_color=&#8221;&#8221; background_image=&#8221;&#8221; background_position=&#8221;center center&#8221; background_repeat=&#8221;no-repeat&#8221; fade=&#8221;no&#8221; background_parallax=&#8221;none&#8221; enable_mobile=&#8221;no&#8221; parallax_speed=&#8221;0.3&#8243; background_blend_mode=&#8221;none&#8221; video_mp4=&#8221;&#8221; video_webm=&#8221;&#8221; video_ogv=&#8221;&#8221; video_url=&#8221;&#8221; video_aspect_ratio=&#8221;16:9&#8243; video_loop=&#8221;yes&#8221; video_mute=&#8221;yes&#8221; video_preview_image=&#8221;&#8221; absolute=&#8221;off&#8221; absolute_devices=&#8221;small,medium,large&#8221; sticky=&#8221;off&#8221; sticky_devices=&#8221;small-visibility,medium-visibility,large-visibility&#8221; sticky_background_color=&#8221;&#8221; sticky_height=&#8221;&#8221; sticky_offset=&#8221;&#8221; sticky_transition_offset=&#8221;0&#8243; scroll_offset=&#8221;0&#8243; animation_type=&#8221;&#8221; animation_direction=&#8221;left&#8221; animation_speed=&#8221;0.3&#8243; animation_offset=&#8221;&#8221; filter_hue=&#8221;0&#8243; filter_saturation=&#8221;100&#8243; filter_brightness=&#8221;100&#8243; filter_contrast=&#8221;100&#8243; filter_invert=&#8221;0&#8243; filter_sepia=&#8221;0&#8243; filter_opacity=&#8221;100&#8243; filter_blur=&#8221;0&#8243; filter_hue_hover=&#8221;0&#8243; filter_saturation_hover=&#8221;100&#8243; filter_brightness_hover=&#8221;100&#8243; filter_contrast_hover=&#8221;100&#8243; filter_invert_hover=&#8221;0&#8243; filter_sepia_hover=&#8221;0&#8243; filter_opacity_hover=&#8221;100&#8243; filter_blur_hover=&#8221;0&#8243;][fusion_builder_row][fusion_builder_column type=&#8221;1_1&#8243; layout=&#8221;1_1&#8243; align_self=&#8221;auto&#8221; content_layout=&#8221;column&#8221; align_content=&#8221;flex-start&#8221; content_wrap=&#8221;wrap&#8221; spacing=&#8221;&#8221; center_content=&#8221;no&#8221; link=&#8221;&#8221; target=&#8221;_self&#8221; min_height=&#8221;&#8221; hide_on_mobile=&#8221;small-visibility,medium-visibility,large-visibility&#8221; sticky_display=&#8221;normal,sticky&#8221; class=&#8221;&#8221; id=&#8221;&#8221; type_medium=&#8221;&#8221; type_small=&#8221;&#8221; order_medium=&#8221;0&#8243; order_small=&#8221;0&#8243; dimension_spacing_medium=&#8221;&#8221; dimension_spacing_small=&#8221;&#8221; dimension_spacing=&#8221;&#8221; dimension_margin_medium=&#8221;&#8221; dimension_margin_small=&#8221;&#8221; margin_top=&#8221;&#8221; margin_bottom=&#8221;&#8221; padding_medium=&#8221;&#8221; padding_small=&#8221;&#8221; padding_top=&#8221;&#8221; padding_right=&#8221;&#8221; padding_bottom=&#8221;&#8221; padding_left=&#8221;&#8221; hover_type=&#8221;none&#8221; border_sizes=&#8221;&#8221; border_color=&#8221;&#8221; border_style=&#8221;solid&#8221; border_radius=&#8221;&#8221; box_shadow=&#8221;no&#8221; dimension_box_shadow=&#8221;&#8221; box_shadow_blur=&#8221;0&#8243; box_shadow_spread=&#8221;0&#8243; box_shadow_color=&#8221;&#8221; box_shadow_style=&#8221;&#8221; background_type=&#8221;single&#8221; gradient_start_color=&#8221;&#8221; gradient_end_color=&#8221;&#8221; gradient_start_position=&#8221;0&#8243; gradient_end_position=&#8221;100&#8243; gradient_type=&#8221;linear&#8221; radial_direction=&#8221;center center&#8221; linear_angle=&#8221;180&#8243; background_color=&#8221;&#8221; background_image=&#8221;&#8221; background_image_id=&#8221;&#8221; background_position=&#8221;left top&#8221; background_repeat=&#8221;no-repeat&#8221; background_blend_mode=&#8221;none&#8221; animation_type=&#8221;&#8221; animation_direction=&#8221;left&#8221; animation_speed=&#8221;0.3&#8243; animation_offset=&#8221;&#8221; filter_type=&#8221;regular&#8221; filter_hue=&#8221;0&#8243; filter_saturation=&#8221;100&#8243; filter_brightness=&#8221;100&#8243; filter_contrast=&#8221;100&#8243; filter_invert=&#8221;0&#8243; filter_sepia=&#8221;0&#8243; filter_opacity=&#8221;100&#8243; filter_blur=&#8221;0&#8243; filter_hue_hover=&#8221;0&#8243; filter_saturation_hover=&#8221;100&#8243; filter_brightness_hover=&#8221;100&#8243; filter_contrast_hover=&#8221;100&#8243; filter_invert_hover=&#8221;0&#8243; filter_sepia_hover=&#8221;0&#8243; filter_opacity_hover=&#8221;100&#8243; filter_blur_hover=&#8221;0&#8243; last=&#8221;true&#8221; border_position=&#8221;all&#8221; first=&#8221;true&#8221;][fusion_text columns=&#8221;&#8221; column_min_width=&#8221;&#8221; column_spacing=&#8221;&#8221; rule_style=&#8221;default&#8221; rule_size=&#8221;&#8221; rule_color=&#8221;&#8221; content_alignment_medium=&#8221;&#8221; content_alignment_small=&#8221;&#8221; content_alignment=&#8221;&#8221; hide_on_mobile=&#8221;small-visibility,medium-visibility,large-visibility&#8221; sticky_display=&#8221;normal,sticky&#8221; class=&#8221;&#8221; id=&#8221;&#8221; font_size=&#8221;&#8221; fusion_font_family_text_font=&#8221;&#8221; fusion_font_variant_text_font=&#8221;&#8221; line_height=&#8221;&#8221; letter_spacing=&#8221;&#8221; text_color=&#8221;&#8221; animation_type=&#8221;&#8221; animation_direction=&#8221;left&#8221; animation_speed=&#8221;0.3&#8243; animation_offset=&#8221;&#8221;]\r\n<h2>1. TITULAR DEL TRATAMIENTO<\/h2>\r\nEl responsable del tratamiento es EKR s.r.l., con sede en Viale della Repubblica 12 \/ I, 31020 Villorba (TV) &#8211; Italia, C.F. \/ P. Iva 04162630265 (en adelante, el &#8220;Titular&#8221; o &#8220;Responsable del tratamiento&#8221;).\r\n<h2>2. OBJETO DEL TRATAMIENTO Y FUNDAMENTO LEGAL<\/h2>\r\nLos datos personales (en adelante tambi\u00e9n los &#8220;Datos&#8221;) proporcionados por el interesado a trav\u00e9s del sitio se procesar\u00e1n para los siguientes fines:\r\n\r\na) permitir el acceso del usuario a las p\u00e1ginas del Sitio para garantizar su correcto funcionamiento;\r\n\r\nb) con consentimiento expreso, enviar comunicaciones comerciales y \/ o promocionales sobre los productos y servicios del interesado as\u00ed como realizar estudios de mercado (&#8220;Marketing Directo&#8221;);\r\n\r\nc) en base a su consentimiento espec\u00edfico, con el fin de analizar las caracter\u00edsticas de la empresa (tama\u00f1o, ubicaci\u00f3n, categor\u00eda de producto, proveedores, actividades realizadas, sistemas instalados) (&#8220;actividades de elaboraci\u00f3n de perfiles&#8221;) y enviar comunicaciones comerciales consistentes con el perfil de tama\u00f1o, sectores de actividad y ubicaci\u00f3n de la empresa.\r\n\r\nLos datos personales tambi\u00e9n se procesar\u00e1n de forma an\u00f3nima con fines estad\u00edsticos;\r\n<h2>3. TIPOS DE DATOS TRATADOS<\/h2>\r\n<h3>3.1 Datos de navegaci\u00f3n<\/h3>\r\nEsta categor\u00eda de datos incluye direcciones IP o nombres de dominio de las computadoras utilizadas por los usuarios que se conectan al sitio, las direcciones de los recursos solicitados, la hora de la solicitud, el m\u00e9todo utilizado para enviar la solicitud al servidor, el tama\u00f1o del archivo obtenido en respuesta, el c\u00f3digo num\u00e9rico que indica el estado de la respuesta dada por el servidor (exitosa, error, etc.) y otros par\u00e1metros relacionados con el sistema operativo y el entorno inform\u00e1tico del usuario.\r\n<h3>3.2 Datos facilitados voluntariamente por el usuario<\/h3>\r\nEl env\u00edo opcional, expl\u00edcito y voluntario de correos electr\u00f3nicos a las direcciones indicadas en este sitio o la compilaci\u00f3n de formularios publicados conlleva la adquisici\u00f3n posterior de la direcci\u00f3n del remitente para responder a las solicitudes, as\u00ed como cualquier otro dato introducido en el formulario.\r\n<h2>4. CATEGOR\u00cdAS DE DESTINATARIOS DE DATOS PERSONALES<\/h2>\r\nLos datos ser\u00e1n tratados por empleados y \/ o colaboradores del Responsable del tratamiento designados como responsables autorizados del tratamiento y podr\u00e1n ser comunicados a terceros, designados para tal efecto como encargados del tratamiento, que prestan servicios auxiliares e instrumentales a los Datos. Actividad del controlador. En ning\u00fan caso se difundir\u00e1n los datos.\r\n<h2>5. TRANSFERENCIA DE DATOS PERSONALES AL EXTRANJERO<\/h2>\r\nLa gesti\u00f3n y almacenamiento de los datos personales se realiza en servidores ubicados dentro y fuera de la Uni\u00f3n Europea propiedad y \/ o en disponibilidad del Responsable del tratamiento y \/ o terceras empresas debidamente designadas como encargados del tratamiento. De acuerdo con el art. 45 GDPR, para los fines mencionados en el par. 2, lett. b) yc), los datos podr\u00e1n ser transferidos a The Rocket Science Group LLC d \/ b \/ a MailChimp y Salesforce.com inc., con sede en USA, que garantizan un nivel adecuado de protecci\u00f3n para el Interesado al estar registrado en la Lista del Escudo de Privacidad de conformidad con la Decisi\u00f3n de Ejecuci\u00f3n (UE) 2016\/1250 de la Comisi\u00f3n Europea, de 12 de julio de 2016 cd &#8220;Privacy Shield&#8221; (en GUUE L 207 de 1.8.2016, p\u00e1gs. 1\u2013112).\r\n<h2>6. TIEMPOS DE ALMACENAMIENTO DE DATOS<\/h2>\r\nLos datos personales que le conciernen, recopilados a trav\u00e9s de los formularios de nuestro sitio, se conservar\u00e1n durante el tiempo necesario para responder a sus solicitudes. Los datos recopilados con fines de marketing directo se procesar\u00e1n durante un per\u00edodo m\u00e1ximo de 24 meses. Los datos recopilados con fines de elaboraci\u00f3n de perfiles se procesar\u00e1n durante un per\u00edodo m\u00e1ximo de 12 meses. Los datos recopilados a trav\u00e9s de las cookies se conservar\u00e1n durante el per\u00edodo de tiempo establecido por la cookie individual. Para obtener m\u00e1s informaci\u00f3n, consulte la pol\u00edtica de cookies del sitio.\r\n<h2>7. NATURALEZA DE LA CONFERENCIA DE DATOS Y CONSECUENCIAS DE LA NEGATIVIDAD A RESPONDER<\/h2>\r\nLa provisi\u00f3n de los datos necesarios para el procesamiento enumerados en la (a) es opcional, pero es una condici\u00f3n necesaria e indispensable para el uso del servicio: cualquier negativa a proporcionar los datos imposibilita la realizaci\u00f3n del servicio solicitado. El consentimiento para el procesamiento para otros fines es opcional.\r\n<h2>8. DERECHOS DEL INTERESADO<\/h2>\r\nSe otorgan al interesado los siguientes derechos: 1. derecho de acceso, es decir, derecho a obtener de la Empresa la confirmaci\u00f3n de que los datos est\u00e1n siendo tratados y, en este caso, obtener acceso; 2. derecho de rectificaci\u00f3n y cancelaci\u00f3n, es decir, el derecho a obtener la correcci\u00f3n de datos inexactos y \/ o la integraci\u00f3n de datos incompletos o la cancelaci\u00f3n de datos por motivos leg\u00edtimos; 3. derecho a la limitaci\u00f3n del procesamiento, es decir, el derecho a solicitar la suspensi\u00f3n del procesamiento si existen razones leg\u00edtimas; 4. derecho a la portabilidad de los datos, es decir, el derecho a recibir los Datos en un formato estructurado, de uso com\u00fan y legible, as\u00ed como el derecho a transmitir los Datos a otro responsable del tratamiento; 5. derecho a oponerse, es decir, el derecho a oponerse al procesamiento de datos si existen razones leg\u00edtimas, incluido el procesamiento de datos con fines de marketing y elaboraci\u00f3n de perfiles, si los hubiera; 6. derecho a ponerse en contacto con la autoridad competente en materia de protecci\u00f3n de datos en caso de tratamiento ilegal de datos.\r\n<h2>9. M\u00c9TODO DE EJERCICIO DE DERECHOS<\/h2>\r\nPuede ejercer estos derechos simplemente enviando: una carta certificada con acuse de recibo a EKR srl, Viale della Repubblica 12 \/ I 31020 Villorba (TV) un correo electr\u00f3nico a privacy@test.ekr.it El controlador de datos se encargar\u00e1 de conservar esta informaci\u00f3n actualizado.\r\n<h2>10. POL\u00cdTICA DE COOKIES<\/h2>\r\nLea tambi\u00e9n el <a href=\"https:\/\/test.ekr.it\/es\/politica-dei-cookie-ue\/\">Cookies Policy<\/a>\r\n<div id=\"gtx-trans\" style=\"position: absolute; left: 1134px; top: 1901.32px;\">\r\n<div class=\"gtx-trans-icon\"><\/div>\r\n<\/div>\r\n[\/fusion_text][\/fusion_builder_column][\/fusion_builder_row][\/fusion_builder_container]","protected":false},"excerpt":{"rendered":"<p>[fusion_builder_container type=&#8221;flex&#8221; hundred_percent=&#8221;no&#8221; hundred_percent_height=&#8221;no&#8221; min_height=&#8221;&#8221; hundred_percent_height_scroll=&#8221;no&#8221; align_content=&#8221;stretch&#8221; flex_align_items=&#8221;flex-start&#8221; flex_justify_content=&#8221;flex-start&#8221; flex_column_spacing=&#8221;&#8221; hundred_percent_height_center_content=&#8221;yes&#8221; equal_height_columns=&#8221;no&#8221; container_tag=&#8221;div&#8221; menu_anchor=&#8221;&#8221; hide_on_mobile=&#8221;small-visibility,medium-visibility,large-visibility&#8221; status=&#8221;published&#8221; publish_date=&#8221;&#8221; class=&#8221;&#8221; id=&#8221;&#8221; link_color=&#8221;&#8221; link_hover_color=&#8221;&#8221; border_sizes=&#8221;&#8221; border_sizes_top=&#8221;&#8221; border_sizes_right=&#8221;&#8221; border_sizes_bottom=&#8221;&#8221; border_sizes_left=&#8221;&#8221; border_color=&#8221;&#8221; border_style=&#8221;solid&#8221; spacing_medium=&#8221;&#8221; margin_top_medium=&#8221;&#8221; margin_bottom_medium=&#8221;&#8221; spacing_small=&#8221;&#8221; margin_top_small=&#8221;&#8221; margin_bottom_small=&#8221;&#8221; margin_top=&#8221;&#8221; margin_bottom=&#8221;&#8221; padding_dimensions_medium=&#8221;&#8221; padding_top_medium=&#8221;&#8221; padding_right_medium=&#8221;&#8221; padding_bottom_medium=&#8221;&#8221; padding_left_medium=&#8221;&#8221; padding_dimensions_small=&#8221;&#8221; padding_top_small=&#8221;&#8221; padding_right_small=&#8221;&#8221; padding_bottom_small=&#8221;&#8221; padding_left_small=&#8221;&#8221; padding_top=&#8221;&#8221; padding_right=&#8221;&#8221; padding_bottom=&#8221;&#8221; padding_left=&#8221;&#8221; box_shadow=&#8221;no&#8221; box_shadow_vertical=&#8221;&#8221; box_shadow_horizontal=&#8221;&#8221; box_shadow_blur=&#8221;0&#8243; box_shadow_spread=&#8221;0&#8243; [&hellip;]<\/p>\n","protected":false},"author":2,"featured_media":0,"parent":0,"menu_order":0,"comment_status":"closed","ping_status":"closed","template":"","meta":{"elastic_search":"","_uag_custom_page_level_css":"","footnotes":""},"class_list":["post-38228","page","type-page","status-publish","hentry"],"uagb_featured_image_src":{"full":false,"thumbnail":false,"medium":false,"medium_large":false,"large":false,"1536x1536":false,"2048x2048":false},"uagb_author_info":{"display_name":"ekrpimseo ekrpimseo","author_link":"https:\/\/test.ekr.it\/es\/author\/ekrpimseo\/"},"uagb_comment_info":0,"uagb_excerpt":"[fusion_builder_container type=&#8221;flex&#8221; hundred_percent=&#8221;no&#8221; hundred_percent_height=&#8221;no&#8221; min_height=&#8221;&#8221; hundred_percent_height_scroll=&#8221;no&#8221; align_content=&#8221;stretch&#8221; flex_align_items=&#8221;flex-start&#8221; flex_justify_content=&#8221;flex-start&#8221; flex_column_spacing=&#8221;&#8221; hundred_percent_height_center_content=&#8221;yes&#8221; equal_height_columns=&#8221;no&#8221; container_tag=&#8221;div&#8221; menu_anchor=&#8221;&#8221; hide_on_mobile=&#8221;small-visibility,medium-visibility,large-visibility&#8221; status=&#8221;published&#8221; publish_date=&#8221;&#8221; class=&#8221;&#8221; id=&#8221;&#8221; link_color=&#8221;&#8221; link_hover_color=&#8221;&#8221; border_sizes=&#8221;&#8221; border_sizes_top=&#8221;&#8221; border_sizes_right=&#8221;&#8221; border_sizes_bottom=&#8221;&#8221; border_sizes_left=&#8221;&#8221; border_color=&#8221;&#8221; border_style=&#8221;solid&#8221; spacing_medium=&#8221;&#8221; margin_top_medium=&#8221;&#8221; margin_bottom_medium=&#8221;&#8221; spacing_small=&#8221;&#8221; margin_top_small=&#8221;&#8221; margin_bottom_small=&#8221;&#8221; margin_top=&#8221;&#8221; margin_bottom=&#8221;&#8221; padding_dimensions_medium=&#8221;&#8221; padding_top_medium=&#8221;&#8221; padding_right_medium=&#8221;&#8221; padding_bottom_medium=&#8221;&#8221; padding_left_medium=&#8221;&#8221; padding_dimensions_small=&#8221;&#8221; padding_top_small=&#8221;&#8221; padding_right_small=&#8221;&#8221; padding_bottom_small=&#8221;&#8221; padding_left_small=&#8221;&#8221; padding_top=&#8221;&#8221; padding_right=&#8221;&#8221; padding_bottom=&#8221;&#8221; padding_left=&#8221;&#8221; box_shadow=&#8221;no&#8221; box_shadow_vertical=&#8221;&#8221; box_shadow_horizontal=&#8221;&#8221; box_shadow_blur=&#8221;0&#8243; box_shadow_spread=&#8221;0&#8243;&hellip;","_links":{"self":[{"href":"https:\/\/test.ekr.it\/es\/wp-json\/wp\/v2\/pages\/38228","targetHints":{"allow":["GET"]}}],"collection":[{"href":"https:\/\/test.ekr.it\/es\/wp-json\/wp\/v2\/pages"}],"about":[{"href":"https:\/\/test.ekr.it\/es\/wp-json\/wp\/v2\/types\/page"}],"author":[{"embeddable":true,"href":"https:\/\/test.ekr.it\/es\/wp-json\/wp\/v2\/users\/2"}],"replies":[{"embeddable":true,"href":"https:\/\/test.ekr.it\/es\/wp-json\/wp\/v2\/comments?post=38228"}],"version-history":[{"count":1,"href":"https:\/\/test.ekr.it\/es\/wp-json\/wp\/v2\/pages\/38228\/revisions"}],"predecessor-version":[{"id":38230,"href":"https:\/\/test.ekr.it\/es\/wp-json\/wp\/v2\/pages\/38228\/revisions\/38230"}],"wp:attachment":[{"href":"https:\/\/test.ekr.it\/es\/wp-json\/wp\/v2\/media?parent=38228"}],"curies":[{"name":"wp","href":"https:\/\/api.w.org\/{rel}","templated":true}]}}