{"id":236763,"date":"2024-10-30T18:32:25","date_gmt":"2024-10-30T16:32:25","guid":{"rendered":"https:\/\/test.ekr.it\/blogi\/"},"modified":"2024-10-30T18:32:25","modified_gmt":"2024-10-30T16:32:25","slug":"blogi","status":"publish","type":"page","link":"https:\/\/test.ekr.it\/fi\/blogi\/","title":{"rendered":"L\u00f6yd\u00e4 EKR:n maailma"},"content":{"rendered":"<h2 style=\"text-align: center;\" class=\"wp-block-heading wp-block-ekr-headings\"> <b>Scopri il Mondo EKR\n<\/b><\/h2 >\n\n\n<div class=\"wp-block-group alignwide has-global-padding is-layout-constrained wp-container-core-group-is-layout-11 wp-block-group-is-layout-constrained\" style=\"padding-top:var(--wp--preset--spacing--x-large);padding-bottom:var(--wp--preset--spacing--x-large)\">\n<div class=\"wp-block-query alignwide is-layout-flow wp-block-query-is-layout-flow\"><ul class=\"columns-3 wp-block-post-template is-layout-grid wp-container-core-post-template-is-layout-1 wp-block-post-template-is-layout-grid\"><li class=\"wp-block-post post-245888 post type-post status-publish format-standard has-post-thumbnail hentry category-blog-fi\">\n<figure style=\"aspect-ratio:auto;height:400px;\" class=\"wp-block-post-featured-image\"><a href=\"https:\/\/test.ekr.it\/fi\/eurooppalaiset-saadokset-kasikirjojen-luomiseksi\/\" target=\"_self\"  style=\"height:400px\"><img loading=\"lazy\" decoding=\"async\" width=\"1920\" height=\"1280\" src=\"https:\/\/test.ekr.it\/wp-content\/uploads\/assets\/low\/INS_VIDEO_Normative-europee_approvata.jpg\" class=\"attachment-post-thumbnail size-post-thumbnail wp-post-image\" alt=\"K\u00e4sikirjat: eurooppalaiset s\u00e4\u00e4nn\u00f6kset\" style=\"border-radius:8px;border-style:none;border-width:0px;width:100%;height:100%;object-fit:cover;\" srcset=\"https:\/\/test.ekr.it\/wp-content\/uploads\/assets\/low\/INS_VIDEO_Normative-europee_approvata.jpg 1920w, https:\/\/test.ekr.it\/wp-content\/uploads\/assets\/low\/INS_VIDEO_Normative-europee_approvata-300x200.jpg 300w, https:\/\/test.ekr.it\/wp-content\/uploads\/assets\/low\/INS_VIDEO_Normative-europee_approvata-1024x683.jpg 1024w, https:\/\/test.ekr.it\/wp-content\/uploads\/assets\/low\/INS_VIDEO_Normative-europee_approvata-768x512.jpg 768w, https:\/\/test.ekr.it\/wp-content\/uploads\/assets\/low\/INS_VIDEO_Normative-europee_approvata-1536x1024.jpg 1536w, https:\/\/test.ekr.it\/wp-content\/uploads\/assets\/low\/INS_VIDEO_Normative-europee_approvata-200x133.jpg 200w, https:\/\/test.ekr.it\/wp-content\/uploads\/assets\/low\/INS_VIDEO_Normative-europee_approvata-400x267.jpg 400w, https:\/\/test.ekr.it\/wp-content\/uploads\/assets\/low\/INS_VIDEO_Normative-europee_approvata-600x400.jpg 600w, https:\/\/test.ekr.it\/wp-content\/uploads\/assets\/low\/INS_VIDEO_Normative-europee_approvata-800x533.jpg 800w, https:\/\/test.ekr.it\/wp-content\/uploads\/assets\/low\/INS_VIDEO_Normative-europee_approvata-1200x800.jpg 1200w\" sizes=\"auto, (max-width: 1920px) 100vw, 1920px\" \/><\/a><\/figure>\n\n\n<div class=\"wp-block-group is-vertical is-layout-flex wp-container-core-group-is-layout-1 wp-block-group-is-layout-flex\" style=\"margin-bottom:var(--wp--preset--spacing--small);padding-top:var(--wp--preset--spacing--xx-small)\"><h4 style=\"margin-top:var(--wp--preset--spacing--xx-small);margin-bottom:var(--wp--preset--spacing--xx-small);\" class=\"wp-block-post-title has-text-color has-heading-color\"><a href=\"https:\/\/test.ekr.it\/fi\/eurooppalaiset-saadokset-kasikirjojen-luomiseksi\/\" target=\"_self\" >K\u00e4sikirjat: eurooppalaiset s\u00e4\u00e4nn\u00f6kset<\/a><\/h4><\/div>\n\n<\/li><li class=\"wp-block-post post-245851 post type-post status-publish format-standard has-post-thumbnail hentry category-blog-fi\">\n<figure style=\"aspect-ratio:auto;height:400px;\" class=\"wp-block-post-featured-image\"><a href=\"https:\/\/test.ekr.it\/fi\/markkinointiosaston-syntipukki-katalogin-virheista\/\" target=\"_self\"  style=\"height:400px\"><img loading=\"lazy\" decoding=\"async\" width=\"1920\" height=\"1280\" src=\"https:\/\/test.ekr.it\/wp-content\/uploads\/assets\/low\/INS_Ufficio-marketing-errori-sul-catalogo_approvata.jpg\" class=\"attachment-post-thumbnail size-post-thumbnail wp-post-image\" alt=\"Markkinointiosasto on syntipukki katalogin virheille\" style=\"border-radius:8px;border-style:none;border-width:0px;width:100%;height:100%;object-fit:cover;\" srcset=\"https:\/\/test.ekr.it\/wp-content\/uploads\/assets\/low\/INS_Ufficio-marketing-errori-sul-catalogo_approvata.jpg 1920w, https:\/\/test.ekr.it\/wp-content\/uploads\/assets\/low\/INS_Ufficio-marketing-errori-sul-catalogo_approvata-300x200.jpg 300w, https:\/\/test.ekr.it\/wp-content\/uploads\/assets\/low\/INS_Ufficio-marketing-errori-sul-catalogo_approvata-1024x683.jpg 1024w, https:\/\/test.ekr.it\/wp-content\/uploads\/assets\/low\/INS_Ufficio-marketing-errori-sul-catalogo_approvata-768x512.jpg 768w, https:\/\/test.ekr.it\/wp-content\/uploads\/assets\/low\/INS_Ufficio-marketing-errori-sul-catalogo_approvata-1536x1024.jpg 1536w, https:\/\/test.ekr.it\/wp-content\/uploads\/assets\/low\/INS_Ufficio-marketing-errori-sul-catalogo_approvata-200x133.jpg 200w, https:\/\/test.ekr.it\/wp-content\/uploads\/assets\/low\/INS_Ufficio-marketing-errori-sul-catalogo_approvata-400x267.jpg 400w, https:\/\/test.ekr.it\/wp-content\/uploads\/assets\/low\/INS_Ufficio-marketing-errori-sul-catalogo_approvata-600x400.jpg 600w, https:\/\/test.ekr.it\/wp-content\/uploads\/assets\/low\/INS_Ufficio-marketing-errori-sul-catalogo_approvata-800x533.jpg 800w, https:\/\/test.ekr.it\/wp-content\/uploads\/assets\/low\/INS_Ufficio-marketing-errori-sul-catalogo_approvata-1200x800.jpg 1200w\" sizes=\"auto, (max-width: 1920px) 100vw, 1920px\" \/><\/a><\/figure>\n\n\n<div class=\"wp-block-group is-vertical is-layout-flex wp-container-core-group-is-layout-2 wp-block-group-is-layout-flex\" style=\"margin-bottom:var(--wp--preset--spacing--small);padding-top:var(--wp--preset--spacing--xx-small)\"><h4 style=\"margin-top:var(--wp--preset--spacing--xx-small);margin-bottom:var(--wp--preset--spacing--xx-small);\" class=\"wp-block-post-title has-text-color has-heading-color\"><a href=\"https:\/\/test.ekr.it\/fi\/markkinointiosaston-syntipukki-katalogin-virheista\/\" target=\"_self\" >Markkinointiosasto on syntipukki katalogin virheille<\/a><\/h4><\/div>\n\n<\/li><li class=\"wp-block-post post-245846 post type-post status-publish format-standard has-post-thumbnail hentry category-blog-fi\">\n<figure style=\"aspect-ratio:auto;height:400px;\" class=\"wp-block-post-featured-image\"><a href=\"https:\/\/test.ekr.it\/fi\/kuinka-lopettaa-kaikki-markkinointiosastolle-osoitetut-syytokset\/\" target=\"_self\"  style=\"height:400px\"><img loading=\"lazy\" decoding=\"async\" width=\"1920\" height=\"1280\" src=\"https:\/\/test.ekr.it\/wp-content\/uploads\/assets\/low\/INS_Ufficio-marketing_approvata.jpg\" class=\"attachment-post-thumbnail size-post-thumbnail wp-post-image\" alt=\"\u00c4l\u00e4 syyt\u00e4 markkinointiosastoa\" style=\"border-radius:8px;border-style:none;border-width:0px;width:100%;height:100%;object-fit:cover;\" srcset=\"https:\/\/test.ekr.it\/wp-content\/uploads\/assets\/low\/INS_Ufficio-marketing_approvata.jpg 1920w, https:\/\/test.ekr.it\/wp-content\/uploads\/assets\/low\/INS_Ufficio-marketing_approvata-300x200.jpg 300w, https:\/\/test.ekr.it\/wp-content\/uploads\/assets\/low\/INS_Ufficio-marketing_approvata-1024x683.jpg 1024w, https:\/\/test.ekr.it\/wp-content\/uploads\/assets\/low\/INS_Ufficio-marketing_approvata-768x512.jpg 768w, https:\/\/test.ekr.it\/wp-content\/uploads\/assets\/low\/INS_Ufficio-marketing_approvata-1536x1024.jpg 1536w, https:\/\/test.ekr.it\/wp-content\/uploads\/assets\/low\/INS_Ufficio-marketing_approvata-200x133.jpg 200w, https:\/\/test.ekr.it\/wp-content\/uploads\/assets\/low\/INS_Ufficio-marketing_approvata-400x267.jpg 400w, https:\/\/test.ekr.it\/wp-content\/uploads\/assets\/low\/INS_Ufficio-marketing_approvata-600x400.jpg 600w, https:\/\/test.ekr.it\/wp-content\/uploads\/assets\/low\/INS_Ufficio-marketing_approvata-800x533.jpg 800w, https:\/\/test.ekr.it\/wp-content\/uploads\/assets\/low\/INS_Ufficio-marketing_approvata-1200x800.jpg 1200w\" sizes=\"auto, (max-width: 1920px) 100vw, 1920px\" \/><\/a><\/figure>\n\n\n<div class=\"wp-block-group is-vertical is-layout-flex wp-container-core-group-is-layout-3 wp-block-group-is-layout-flex\" style=\"margin-bottom:var(--wp--preset--spacing--small);padding-top:var(--wp--preset--spacing--xx-small)\"><h4 style=\"margin-top:var(--wp--preset--spacing--xx-small);margin-bottom:var(--wp--preset--spacing--xx-small);\" class=\"wp-block-post-title has-text-color has-heading-color\"><a href=\"https:\/\/test.ekr.it\/fi\/kuinka-lopettaa-kaikki-markkinointiosastolle-osoitetut-syytokset\/\" target=\"_self\" >\u00c4l\u00e4 syyt\u00e4 markkinointiosastoa<\/a><\/h4><\/div>\n\n<\/li><li class=\"wp-block-post post-245835 post type-post status-publish format-standard has-post-thumbnail hentry category-blog-fi\">\n<figure style=\"aspect-ratio:auto;height:400px;\" class=\"wp-block-post-featured-image\"><a href=\"https:\/\/test.ekr.it\/fi\/toistuvat-kaannokset-yrityskatalogeissa\/\" target=\"_self\"  style=\"height:400px\"><img loading=\"lazy\" decoding=\"async\" width=\"1920\" height=\"1280\" src=\"https:\/\/test.ekr.it\/wp-content\/uploads\/assets\/low\/INS_Video_Traduzioni-ridondanti-elimina-sprechi_approvata.jpg\" class=\"attachment-post-thumbnail size-post-thumbnail wp-post-image\" alt=\"Tarpeettomat k\u00e4\u00e4nn\u00f6kset\" style=\"border-radius:8px;border-style:none;border-width:0px;width:100%;height:100%;object-fit:cover;\" srcset=\"https:\/\/test.ekr.it\/wp-content\/uploads\/assets\/low\/INS_Video_Traduzioni-ridondanti-elimina-sprechi_approvata.jpg 1920w, https:\/\/test.ekr.it\/wp-content\/uploads\/assets\/low\/INS_Video_Traduzioni-ridondanti-elimina-sprechi_approvata-300x200.jpg 300w, https:\/\/test.ekr.it\/wp-content\/uploads\/assets\/low\/INS_Video_Traduzioni-ridondanti-elimina-sprechi_approvata-1024x683.jpg 1024w, https:\/\/test.ekr.it\/wp-content\/uploads\/assets\/low\/INS_Video_Traduzioni-ridondanti-elimina-sprechi_approvata-768x512.jpg 768w, https:\/\/test.ekr.it\/wp-content\/uploads\/assets\/low\/INS_Video_Traduzioni-ridondanti-elimina-sprechi_approvata-1536x1024.jpg 1536w, https:\/\/test.ekr.it\/wp-content\/uploads\/assets\/low\/INS_Video_Traduzioni-ridondanti-elimina-sprechi_approvata-200x133.jpg 200w, https:\/\/test.ekr.it\/wp-content\/uploads\/assets\/low\/INS_Video_Traduzioni-ridondanti-elimina-sprechi_approvata-400x267.jpg 400w, https:\/\/test.ekr.it\/wp-content\/uploads\/assets\/low\/INS_Video_Traduzioni-ridondanti-elimina-sprechi_approvata-600x400.jpg 600w, https:\/\/test.ekr.it\/wp-content\/uploads\/assets\/low\/INS_Video_Traduzioni-ridondanti-elimina-sprechi_approvata-800x533.jpg 800w, https:\/\/test.ekr.it\/wp-content\/uploads\/assets\/low\/INS_Video_Traduzioni-ridondanti-elimina-sprechi_approvata-1200x800.jpg 1200w\" sizes=\"auto, (max-width: 1920px) 100vw, 1920px\" \/><\/a><\/figure>\n\n\n<div class=\"wp-block-group is-vertical is-layout-flex wp-container-core-group-is-layout-4 wp-block-group-is-layout-flex\" style=\"margin-bottom:var(--wp--preset--spacing--small);padding-top:var(--wp--preset--spacing--xx-small)\"><h4 style=\"margin-top:var(--wp--preset--spacing--xx-small);margin-bottom:var(--wp--preset--spacing--xx-small);\" class=\"wp-block-post-title has-text-color has-heading-color\"><a href=\"https:\/\/test.ekr.it\/fi\/toistuvat-kaannokset-yrityskatalogeissa\/\" target=\"_self\" >Tarpeettomat k\u00e4\u00e4nn\u00f6kset<\/a><\/h4><\/div>\n\n<\/li><li class=\"wp-block-post post-245811 post type-post status-publish format-standard has-post-thumbnail hentry category-blog-fi\">\n<figure style=\"aspect-ratio:auto;height:400px;\" class=\"wp-block-post-featured-image\"><a href=\"https:\/\/test.ekr.it\/fi\/jos-tyoskentelet-markkinoinnissa-milta-tuntuisit-jos\/\" target=\"_self\"  style=\"height:400px\"><img loading=\"lazy\" decoding=\"async\" width=\"1920\" height=\"1280\" src=\"https:\/\/test.ekr.it\/wp-content\/uploads\/assets\/low\/INS_ti-occupi-di-marketing-come-ti-sentiresti-se.JPG\" class=\"attachment-post-thumbnail size-post-thumbnail wp-post-image\" alt=\"Hoidatko markkinointia? Milt\u00e4 tuntuisit jos&#8230;\" style=\"border-radius:8px;border-style:none;border-width:0px;width:100%;height:100%;object-fit:cover;\" srcset=\"https:\/\/test.ekr.it\/wp-content\/uploads\/assets\/low\/INS_ti-occupi-di-marketing-come-ti-sentiresti-se.JPG 1920w, https:\/\/test.ekr.it\/wp-content\/uploads\/assets\/low\/INS_ti-occupi-di-marketing-come-ti-sentiresti-se-300x200.jpg 300w, https:\/\/test.ekr.it\/wp-content\/uploads\/assets\/low\/INS_ti-occupi-di-marketing-come-ti-sentiresti-se-1024x683.jpg 1024w, https:\/\/test.ekr.it\/wp-content\/uploads\/assets\/low\/INS_ti-occupi-di-marketing-come-ti-sentiresti-se-768x512.jpg 768w, https:\/\/test.ekr.it\/wp-content\/uploads\/assets\/low\/INS_ti-occupi-di-marketing-come-ti-sentiresti-se-1536x1024.jpg 1536w, https:\/\/test.ekr.it\/wp-content\/uploads\/assets\/low\/INS_ti-occupi-di-marketing-come-ti-sentiresti-se-200x133.jpg 200w, https:\/\/test.ekr.it\/wp-content\/uploads\/assets\/low\/INS_ti-occupi-di-marketing-come-ti-sentiresti-se-400x267.jpg 400w, https:\/\/test.ekr.it\/wp-content\/uploads\/assets\/low\/INS_ti-occupi-di-marketing-come-ti-sentiresti-se-600x400.jpg 600w, https:\/\/test.ekr.it\/wp-content\/uploads\/assets\/low\/INS_ti-occupi-di-marketing-come-ti-sentiresti-se-800x533.jpg 800w, https:\/\/test.ekr.it\/wp-content\/uploads\/assets\/low\/INS_ti-occupi-di-marketing-come-ti-sentiresti-se-1200x800.jpg 1200w\" sizes=\"auto, (max-width: 1920px) 100vw, 1920px\" \/><\/a><\/figure>\n\n\n<div class=\"wp-block-group is-vertical is-layout-flex wp-container-core-group-is-layout-5 wp-block-group-is-layout-flex\" style=\"margin-bottom:var(--wp--preset--spacing--small);padding-top:var(--wp--preset--spacing--xx-small)\"><h4 style=\"margin-top:var(--wp--preset--spacing--xx-small);margin-bottom:var(--wp--preset--spacing--xx-small);\" class=\"wp-block-post-title has-text-color has-heading-color\"><a href=\"https:\/\/test.ekr.it\/fi\/jos-tyoskentelet-markkinoinnissa-milta-tuntuisit-jos\/\" target=\"_self\" >Hoidatko markkinointia? Milt\u00e4 tuntuisit jos&#8230;<\/a><\/h4><\/div>\n\n<\/li><li class=\"wp-block-post post-245797 post type-post status-publish format-standard has-post-thumbnail hentry category-blog-fi\">\n<figure style=\"aspect-ratio:auto;height:400px;\" class=\"wp-block-post-featured-image\"><a href=\"https:\/\/test.ekr.it\/fi\/kuvittele-markkinointiin-keskittyminen\/\" target=\"_self\"  style=\"height:400px\"><img loading=\"lazy\" decoding=\"async\" width=\"1920\" height=\"1281\" src=\"https:\/\/test.ekr.it\/wp-content\/uploads\/assets\/low\/INS_Ti-occupi-di-marketing-immagina_1_approvata.jpg\" class=\"attachment-post-thumbnail size-post-thumbnail wp-post-image\" alt=\"Hoidatko markkinointia? Kuvittele&#8230;\" style=\"border-radius:8px;border-style:none;border-width:0px;width:100%;height:100%;object-fit:cover;\" srcset=\"https:\/\/test.ekr.it\/wp-content\/uploads\/assets\/low\/INS_Ti-occupi-di-marketing-immagina_1_approvata.jpg 1920w, https:\/\/test.ekr.it\/wp-content\/uploads\/assets\/low\/INS_Ti-occupi-di-marketing-immagina_1_approvata-300x200.jpg 300w, https:\/\/test.ekr.it\/wp-content\/uploads\/assets\/low\/INS_Ti-occupi-di-marketing-immagina_1_approvata-1024x683.jpg 1024w, https:\/\/test.ekr.it\/wp-content\/uploads\/assets\/low\/INS_Ti-occupi-di-marketing-immagina_1_approvata-768x512.jpg 768w, https:\/\/test.ekr.it\/wp-content\/uploads\/assets\/low\/INS_Ti-occupi-di-marketing-immagina_1_approvata-1536x1025.jpg 1536w, https:\/\/test.ekr.it\/wp-content\/uploads\/assets\/low\/INS_Ti-occupi-di-marketing-immagina_1_approvata-200x133.jpg 200w, https:\/\/test.ekr.it\/wp-content\/uploads\/assets\/low\/INS_Ti-occupi-di-marketing-immagina_1_approvata-400x267.jpg 400w, https:\/\/test.ekr.it\/wp-content\/uploads\/assets\/low\/INS_Ti-occupi-di-marketing-immagina_1_approvata-600x400.jpg 600w, https:\/\/test.ekr.it\/wp-content\/uploads\/assets\/low\/INS_Ti-occupi-di-marketing-immagina_1_approvata-800x534.jpg 800w, https:\/\/test.ekr.it\/wp-content\/uploads\/assets\/low\/INS_Ti-occupi-di-marketing-immagina_1_approvata-1200x801.jpg 1200w\" sizes=\"auto, (max-width: 1920px) 100vw, 1920px\" \/><\/a><\/figure>\n\n\n<div class=\"wp-block-group is-vertical is-layout-flex wp-container-core-group-is-layout-6 wp-block-group-is-layout-flex\" style=\"margin-bottom:var(--wp--preset--spacing--small);padding-top:var(--wp--preset--spacing--xx-small)\"><h4 style=\"margin-top:var(--wp--preset--spacing--xx-small);margin-bottom:var(--wp--preset--spacing--xx-small);\" class=\"wp-block-post-title has-text-color has-heading-color\"><a href=\"https:\/\/test.ekr.it\/fi\/kuvittele-markkinointiin-keskittyminen\/\" target=\"_self\" >Hoidatko markkinointia? Kuvittele&#8230;<\/a><\/h4><\/div>\n\n<\/li><li class=\"wp-block-post post-245761 post type-post status-publish format-standard hentry category-blog-fi\">\n\n\n\n<div class=\"wp-block-group is-vertical is-layout-flex wp-container-core-group-is-layout-7 wp-block-group-is-layout-flex\" style=\"margin-bottom:var(--wp--preset--spacing--small);padding-top:var(--wp--preset--spacing--xx-small)\"><h4 style=\"margin-top:var(--wp--preset--spacing--xx-small);margin-bottom:var(--wp--preset--spacing--xx-small);\" class=\"wp-block-post-title has-text-color has-heading-color\"><a href=\"https:\/\/test.ekr.it\/fi\/vaaralliset-kemikaalit-tuotteissa-2\/\" target=\"_self\" >Kopioi t\u00e4ss\u00e4 lyhyen otsikon sis\u00e4lt\u00f6<\/a><\/h4><\/div>\n\n<\/li><li class=\"wp-block-post post-245756 post type-post status-publish format-standard has-post-thumbnail hentry category-blog-fi\">\n<figure style=\"aspect-ratio:auto;height:400px;\" class=\"wp-block-post-featured-image\"><a href=\"https:\/\/test.ekr.it\/fi\/ennakoivan-huollon-taulukko\/\" target=\"_self\"  style=\"height:400px\"><img loading=\"lazy\" decoding=\"async\" width=\"1920\" height=\"1150\" src=\"https:\/\/test.ekr.it\/wp-content\/uploads\/assets\/low\/UseCase_OPA_SplashImage.jpg\" class=\"attachment-post-thumbnail size-post-thumbnail wp-post-image\" alt=\"Ennaltaehk\u00e4isev\u00e4n huollon taulukko\" style=\"border-radius:8px;border-style:none;border-width:0px;width:100%;height:100%;object-fit:cover;\" srcset=\"https:\/\/test.ekr.it\/wp-content\/uploads\/assets\/low\/UseCase_OPA_SplashImage.jpg 1920w, https:\/\/test.ekr.it\/wp-content\/uploads\/assets\/low\/UseCase_OPA_SplashImage-300x180.jpg 300w, https:\/\/test.ekr.it\/wp-content\/uploads\/assets\/low\/UseCase_OPA_SplashImage-1024x613.jpg 1024w, https:\/\/test.ekr.it\/wp-content\/uploads\/assets\/low\/UseCase_OPA_SplashImage-768x460.jpg 768w, https:\/\/test.ekr.it\/wp-content\/uploads\/assets\/low\/UseCase_OPA_SplashImage-1536x920.jpg 1536w, https:\/\/test.ekr.it\/wp-content\/uploads\/assets\/low\/UseCase_OPA_SplashImage-200x120.jpg 200w, https:\/\/test.ekr.it\/wp-content\/uploads\/assets\/low\/UseCase_OPA_SplashImage-400x240.jpg 400w, https:\/\/test.ekr.it\/wp-content\/uploads\/assets\/low\/UseCase_OPA_SplashImage-600x359.jpg 600w, https:\/\/test.ekr.it\/wp-content\/uploads\/assets\/low\/UseCase_OPA_SplashImage-800x479.jpg 800w, https:\/\/test.ekr.it\/wp-content\/uploads\/assets\/low\/UseCase_OPA_SplashImage-1200x719.jpg 1200w\" sizes=\"auto, (max-width: 1920px) 100vw, 1920px\" \/><\/a><\/figure>\n\n\n<div class=\"wp-block-group is-vertical is-layout-flex wp-container-core-group-is-layout-8 wp-block-group-is-layout-flex\" style=\"margin-bottom:var(--wp--preset--spacing--small);padding-top:var(--wp--preset--spacing--xx-small)\"><h4 style=\"margin-top:var(--wp--preset--spacing--xx-small);margin-bottom:var(--wp--preset--spacing--xx-small);\" class=\"wp-block-post-title has-text-color has-heading-color\"><a href=\"https:\/\/test.ekr.it\/fi\/ennakoivan-huollon-taulukko\/\" target=\"_self\" >Ennaltaehk\u00e4isev\u00e4n huollon taulukko<\/a><\/h4><\/div>\n\n<\/li><li class=\"wp-block-post post-245751 post type-post status-publish format-standard has-post-thumbnail hentry category-blog-fi\">\n<figure style=\"aspect-ratio:auto;height:400px;\" class=\"wp-block-post-featured-image\"><a href=\"https:\/\/test.ekr.it\/fi\/kuinka-tehda-teknisesta-toimistostasi-tehokkaampi\/\" target=\"_self\"  style=\"height:400px\"><img loading=\"lazy\" decoding=\"async\" width=\"1920\" height=\"1280\" src=\"https:\/\/test.ekr.it\/wp-content\/uploads\/assets\/low\/INS_ufficiot1_approvata.jpg\" class=\"attachment-post-thumbnail size-post-thumbnail wp-post-image\" alt=\"Kuinka tehd\u00e4 teknisest\u00e4 toimistostasi tehokkaampi\" style=\"border-radius:8px;border-style:none;border-width:0px;width:100%;height:100%;object-fit:cover;\" srcset=\"https:\/\/test.ekr.it\/wp-content\/uploads\/assets\/low\/INS_ufficiot1_approvata.jpg 1920w, https:\/\/test.ekr.it\/wp-content\/uploads\/assets\/low\/INS_ufficiot1_approvata-300x200.jpg 300w, https:\/\/test.ekr.it\/wp-content\/uploads\/assets\/low\/INS_ufficiot1_approvata-1024x683.jpg 1024w, https:\/\/test.ekr.it\/wp-content\/uploads\/assets\/low\/INS_ufficiot1_approvata-768x512.jpg 768w, https:\/\/test.ekr.it\/wp-content\/uploads\/assets\/low\/INS_ufficiot1_approvata-1536x1024.jpg 1536w, https:\/\/test.ekr.it\/wp-content\/uploads\/assets\/low\/INS_ufficiot1_approvata-200x133.jpg 200w, https:\/\/test.ekr.it\/wp-content\/uploads\/assets\/low\/INS_ufficiot1_approvata-400x267.jpg 400w, https:\/\/test.ekr.it\/wp-content\/uploads\/assets\/low\/INS_ufficiot1_approvata-600x400.jpg 600w, https:\/\/test.ekr.it\/wp-content\/uploads\/assets\/low\/INS_ufficiot1_approvata-800x533.jpg 800w, https:\/\/test.ekr.it\/wp-content\/uploads\/assets\/low\/INS_ufficiot1_approvata-1200x800.jpg 1200w\" sizes=\"auto, (max-width: 1920px) 100vw, 1920px\" \/><\/a><\/figure>\n\n\n<div class=\"wp-block-group is-vertical is-layout-flex wp-container-core-group-is-layout-9 wp-block-group-is-layout-flex\" style=\"margin-bottom:var(--wp--preset--spacing--small);padding-top:var(--wp--preset--spacing--xx-small)\"><h4 style=\"margin-top:var(--wp--preset--spacing--xx-small);margin-bottom:var(--wp--preset--spacing--xx-small);\" class=\"wp-block-post-title has-text-color has-heading-color\"><a href=\"https:\/\/test.ekr.it\/fi\/kuinka-tehda-teknisesta-toimistostasi-tehokkaampi\/\" target=\"_self\" >Kuinka tehd\u00e4 teknisest\u00e4 toimistostasi tehokkaampi<\/a><\/h4><\/div>\n\n<\/li><li class=\"wp-block-post post-245707 post type-post status-publish format-standard has-post-thumbnail hentry category-blog-fi\">\n<figure style=\"aspect-ratio:auto;height:400px;\" class=\"wp-block-post-featured-image\"><a href=\"https:\/\/test.ekr.it\/fi\/vaaralliset-kemikaalit-tuotteissa\/\" target=\"_self\"  style=\"height:400px\"><img loading=\"lazy\" decoding=\"async\" width=\"345\" height=\"200\" src=\"https:\/\/test.ekr.it\/wp-content\/uploads\/assets\/low\/INS_Sostanze-chimiche-pericolose-negli-articoli.jpg\" class=\"attachment-post-thumbnail size-post-thumbnail wp-post-image\" alt=\"Vaaralliset kemikaalit artikkeleissa\" style=\"border-radius:8px;border-style:none;border-width:0px;width:100%;height:100%;object-fit:cover;\" srcset=\"https:\/\/test.ekr.it\/wp-content\/uploads\/assets\/low\/INS_Sostanze-chimiche-pericolose-negli-articoli.jpg 345w, https:\/\/test.ekr.it\/wp-content\/uploads\/assets\/low\/INS_Sostanze-chimiche-pericolose-negli-articoli-300x174.jpg 300w, https:\/\/test.ekr.it\/wp-content\/uploads\/assets\/low\/INS_Sostanze-chimiche-pericolose-negli-articoli-200x116.jpg 200w\" sizes=\"auto, (max-width: 345px) 100vw, 345px\" \/><\/a><\/figure>\n\n\n<div class=\"wp-block-group is-vertical is-layout-flex wp-container-core-group-is-layout-10 wp-block-group-is-layout-flex\" style=\"margin-bottom:var(--wp--preset--spacing--small);padding-top:var(--wp--preset--spacing--xx-small)\"><h4 style=\"margin-top:var(--wp--preset--spacing--xx-small);margin-bottom:var(--wp--preset--spacing--xx-small);\" class=\"wp-block-post-title has-text-color has-heading-color\"><a href=\"https:\/\/test.ekr.it\/fi\/vaaralliset-kemikaalit-tuotteissa\/\" target=\"_self\" >Vaaralliset kemikaalit artikkeleissa<\/a><\/h4><\/div>\n\n<\/li><\/ul>\n\n<nav class=\"wp-block-query-pagination is-content-justification-center is-layout-flex wp-container-core-query-pagination-is-layout-1 wp-block-query-pagination-is-layout-flex\" aria-label=\"Sivutus\">\n\n\n<div class=\"wp-block-query-pagination-numbers\"><span aria-current=\"page\" class=\"page-numbers current\">1<\/span>\n<a class=\"page-numbers\" href=\"?query-13-page=2\">2<\/a>\n<a class=\"page-numbers\" href=\"?query-13-page=3\">3<\/a>\n<span class=\"page-numbers dots\">&hellip;<\/span>\n<a class=\"page-numbers\" href=\"?query-13-page=7\">7<\/a><\/div>\n\n<a href=\"\/fi\/wp-json\/wp\/v2\/pages\/236763?query-13-page=2\" class=\"wp-block-query-pagination-next\">Seuraava sivu<span class='wp-block-query-pagination-next-arrow is-arrow-arrow' aria-hidden='true'>\u2192<\/span><\/a>\n<\/nav><\/div>\n<\/div>\n","protected":false},"excerpt":{"rendered":"","protected":false},"author":0,"featured_media":22795,"parent":0,"menu_order":0,"comment_status":"closed","ping_status":"closed","template":"","meta":{"elastic_search":"","_uag_custom_page_level_css":"","footnotes":""},"class_list":["post-236763","page","type-page","status-publish","has-post-thumbnail","hentry"],"uagb_featured_image_src":{"full":["https:\/\/test.ekr.it\/wp-content\/uploads\/assets\/low\/BLOG_Blog-insight.jpg",1500,1101,false],"thumbnail":["https:\/\/test.ekr.it\/wp-content\/uploads\/assets\/low\/BLOG_Blog-insight-150x150.jpg",150,150,true],"medium":["https:\/\/test.ekr.it\/wp-content\/uploads\/assets\/low\/BLOG_Blog-insight-300x220.jpg",300,220,true],"medium_large":["https:\/\/test.ekr.it\/wp-content\/uploads\/assets\/low\/BLOG_Blog-insight-768x564.jpg",768,564,true],"large":["https:\/\/test.ekr.it\/wp-content\/uploads\/assets\/low\/BLOG_Blog-insight-1024x752.jpg",1024,752,true],"1536x1536":["https:\/\/test.ekr.it\/wp-content\/uploads\/assets\/low\/BLOG_Blog-insight.jpg",1500,1101,false],"2048x2048":["https:\/\/test.ekr.it\/wp-content\/uploads\/assets\/low\/BLOG_Blog-insight.jpg",1500,1101,false]},"uagb_author_info":{"display_name":"Elia Santagiuliana","author_link":"https:\/\/test.ekr.it\/fi\/author\/"},"uagb_comment_info":0,"uagb_excerpt":null,"_links":{"self":[{"href":"https:\/\/test.ekr.it\/fi\/wp-json\/wp\/v2\/pages\/236763","targetHints":{"allow":["GET"]}}],"collection":[{"href":"https:\/\/test.ekr.it\/fi\/wp-json\/wp\/v2\/pages"}],"about":[{"href":"https:\/\/test.ekr.it\/fi\/wp-json\/wp\/v2\/types\/page"}],"replies":[{"embeddable":true,"href":"https:\/\/test.ekr.it\/fi\/wp-json\/wp\/v2\/comments?post=236763"}],"version-history":[{"count":0,"href":"https:\/\/test.ekr.it\/fi\/wp-json\/wp\/v2\/pages\/236763\/revisions"}],"wp:featuredmedia":[{"embeddable":true,"href":"https:\/\/test.ekr.it\/fi\/wp-json\/wp\/v2\/media\/22795"}],"wp:attachment":[{"href":"https:\/\/test.ekr.it\/fi\/wp-json\/wp\/v2\/media?parent=236763"}],"curies":[{"name":"wp","href":"https:\/\/api.w.org\/{rel}","templated":true}]}}