{"id":236753,"date":"2024-10-30T18:32:21","date_gmt":"2024-10-30T16:32:21","guid":{"rendered":"https:\/\/test.ekr.it\/blog\/"},"modified":"2024-10-30T18:32:21","modified_gmt":"2024-10-30T16:32:21","slug":"blog","status":"publish","type":"page","link":"https:\/\/test.ekr.it\/tr\/blog\/","title":{"rendered":"EKR d\u00fcnyas\u0131n\u0131 ke\u015ffedin"},"content":{"rendered":"<h2 style=\"text-align: center;\" class=\"wp-block-heading wp-block-ekr-headings\"> <b>Scopri il Mondo EKR\n<\/b><\/h2 >\n\n\n<div class=\"wp-block-group alignwide has-global-padding is-layout-constrained wp-container-core-group-is-layout-11 wp-block-group-is-layout-constrained\" style=\"padding-top:var(--wp--preset--spacing--x-large);padding-bottom:var(--wp--preset--spacing--x-large)\">\n<div class=\"wp-block-query alignwide is-layout-flow wp-block-query-is-layout-flow\"><ul class=\"columns-3 wp-block-post-template is-layout-grid wp-container-core-post-template-is-layout-1 wp-block-post-template-is-layout-grid\"><li class=\"wp-block-post post-245879 post type-post status-publish format-standard has-post-thumbnail hentry category-blog-tr\">\n<figure style=\"aspect-ratio:auto;height:400px;\" class=\"wp-block-post-featured-image\"><a href=\"https:\/\/test.ekr.it\/tr\/kilavuzlar-olusturma-icin-avrupa-duzenlemeleri\/\" target=\"_self\"  style=\"height:400px\"><img loading=\"lazy\" decoding=\"async\" width=\"1920\" height=\"1280\" src=\"https:\/\/test.ekr.it\/wp-content\/uploads\/assets\/low\/INS_VIDEO_Normative-europee_approvata.jpg\" class=\"attachment-post-thumbnail size-post-thumbnail wp-post-image\" alt=\"K\u0131lavuzlar: Avrupa d\u00fczenlemeleri\" style=\"border-radius:8px;border-style:none;border-width:0px;width:100%;height:100%;object-fit:cover;\" srcset=\"https:\/\/test.ekr.it\/wp-content\/uploads\/assets\/low\/INS_VIDEO_Normative-europee_approvata.jpg 1920w, https:\/\/test.ekr.it\/wp-content\/uploads\/assets\/low\/INS_VIDEO_Normative-europee_approvata-300x200.jpg 300w, https:\/\/test.ekr.it\/wp-content\/uploads\/assets\/low\/INS_VIDEO_Normative-europee_approvata-1024x683.jpg 1024w, https:\/\/test.ekr.it\/wp-content\/uploads\/assets\/low\/INS_VIDEO_Normative-europee_approvata-768x512.jpg 768w, https:\/\/test.ekr.it\/wp-content\/uploads\/assets\/low\/INS_VIDEO_Normative-europee_approvata-1536x1024.jpg 1536w, https:\/\/test.ekr.it\/wp-content\/uploads\/assets\/low\/INS_VIDEO_Normative-europee_approvata-200x133.jpg 200w, https:\/\/test.ekr.it\/wp-content\/uploads\/assets\/low\/INS_VIDEO_Normative-europee_approvata-400x267.jpg 400w, https:\/\/test.ekr.it\/wp-content\/uploads\/assets\/low\/INS_VIDEO_Normative-europee_approvata-600x400.jpg 600w, https:\/\/test.ekr.it\/wp-content\/uploads\/assets\/low\/INS_VIDEO_Normative-europee_approvata-800x533.jpg 800w, https:\/\/test.ekr.it\/wp-content\/uploads\/assets\/low\/INS_VIDEO_Normative-europee_approvata-1200x800.jpg 1200w\" sizes=\"auto, (max-width: 1920px) 100vw, 1920px\" \/><\/a><\/figure>\n\n\n<div class=\"wp-block-group is-vertical is-layout-flex wp-container-core-group-is-layout-1 wp-block-group-is-layout-flex\" style=\"margin-bottom:var(--wp--preset--spacing--small);padding-top:var(--wp--preset--spacing--xx-small)\"><h4 style=\"margin-top:var(--wp--preset--spacing--xx-small);margin-bottom:var(--wp--preset--spacing--xx-small);\" class=\"wp-block-post-title has-text-color has-heading-color\"><a href=\"https:\/\/test.ekr.it\/tr\/kilavuzlar-olusturma-icin-avrupa-duzenlemeleri\/\" target=\"_self\" >K\u0131lavuzlar: Avrupa d\u00fczenlemeleri<\/a><\/h4><\/div>\n\n<\/li><li class=\"wp-block-post post-245873 post type-post status-publish format-standard has-post-thumbnail hentry category-blog-tr\">\n<figure style=\"aspect-ratio:auto;height:400px;\" class=\"wp-block-post-featured-image\"><a href=\"https:\/\/test.ekr.it\/tr\/pazarlama-departmanina-atfedilen-tum-suclamalara-nasil-son-verilir\/\" target=\"_self\"  style=\"height:400px\"><img loading=\"lazy\" decoding=\"async\" width=\"1920\" height=\"1280\" src=\"https:\/\/test.ekr.it\/wp-content\/uploads\/assets\/low\/INS_Ufficio-marketing_approvata.jpg\" class=\"attachment-post-thumbnail size-post-thumbnail wp-post-image\" alt=\"Pazarlama departman\u0131n\u0131 su\u00e7lama\" style=\"border-radius:8px;border-style:none;border-width:0px;width:100%;height:100%;object-fit:cover;\" srcset=\"https:\/\/test.ekr.it\/wp-content\/uploads\/assets\/low\/INS_Ufficio-marketing_approvata.jpg 1920w, https:\/\/test.ekr.it\/wp-content\/uploads\/assets\/low\/INS_Ufficio-marketing_approvata-300x200.jpg 300w, https:\/\/test.ekr.it\/wp-content\/uploads\/assets\/low\/INS_Ufficio-marketing_approvata-1024x683.jpg 1024w, https:\/\/test.ekr.it\/wp-content\/uploads\/assets\/low\/INS_Ufficio-marketing_approvata-768x512.jpg 768w, https:\/\/test.ekr.it\/wp-content\/uploads\/assets\/low\/INS_Ufficio-marketing_approvata-1536x1024.jpg 1536w, https:\/\/test.ekr.it\/wp-content\/uploads\/assets\/low\/INS_Ufficio-marketing_approvata-200x133.jpg 200w, https:\/\/test.ekr.it\/wp-content\/uploads\/assets\/low\/INS_Ufficio-marketing_approvata-400x267.jpg 400w, https:\/\/test.ekr.it\/wp-content\/uploads\/assets\/low\/INS_Ufficio-marketing_approvata-600x400.jpg 600w, https:\/\/test.ekr.it\/wp-content\/uploads\/assets\/low\/INS_Ufficio-marketing_approvata-800x533.jpg 800w, https:\/\/test.ekr.it\/wp-content\/uploads\/assets\/low\/INS_Ufficio-marketing_approvata-1200x800.jpg 1200w\" sizes=\"auto, (max-width: 1920px) 100vw, 1920px\" \/><\/a><\/figure>\n\n\n<div class=\"wp-block-group is-vertical is-layout-flex wp-container-core-group-is-layout-2 wp-block-group-is-layout-flex\" style=\"margin-bottom:var(--wp--preset--spacing--small);padding-top:var(--wp--preset--spacing--xx-small)\"><h4 style=\"margin-top:var(--wp--preset--spacing--xx-small);margin-bottom:var(--wp--preset--spacing--xx-small);\" class=\"wp-block-post-title has-text-color has-heading-color\"><a href=\"https:\/\/test.ekr.it\/tr\/pazarlama-departmanina-atfedilen-tum-suclamalara-nasil-son-verilir\/\" target=\"_self\" >Pazarlama departman\u0131n\u0131 su\u00e7lama<\/a><\/h4><\/div>\n\n<\/li><li class=\"wp-block-post post-245861 post type-post status-publish format-standard has-post-thumbnail hentry category-blog-tr\">\n<figure style=\"aspect-ratio:auto;height:400px;\" class=\"wp-block-post-featured-image\"><a href=\"https:\/\/test.ekr.it\/tr\/katalogdaki-hatalar-icin-pazarlama-departmaninin-gunah-kecisi\/\" target=\"_self\"  style=\"height:400px\"><img loading=\"lazy\" decoding=\"async\" width=\"1920\" height=\"1280\" src=\"https:\/\/test.ekr.it\/wp-content\/uploads\/assets\/low\/INS_Ufficio-marketing-errori-sul-catalogo_approvata.jpg\" class=\"attachment-post-thumbnail size-post-thumbnail wp-post-image\" alt=\"Pazarlama departman\u0131 katalogdaki hatalar\u0131n g\u00fcnah ke\u00e7isi\" style=\"border-radius:8px;border-style:none;border-width:0px;width:100%;height:100%;object-fit:cover;\" srcset=\"https:\/\/test.ekr.it\/wp-content\/uploads\/assets\/low\/INS_Ufficio-marketing-errori-sul-catalogo_approvata.jpg 1920w, https:\/\/test.ekr.it\/wp-content\/uploads\/assets\/low\/INS_Ufficio-marketing-errori-sul-catalogo_approvata-300x200.jpg 300w, https:\/\/test.ekr.it\/wp-content\/uploads\/assets\/low\/INS_Ufficio-marketing-errori-sul-catalogo_approvata-1024x683.jpg 1024w, https:\/\/test.ekr.it\/wp-content\/uploads\/assets\/low\/INS_Ufficio-marketing-errori-sul-catalogo_approvata-768x512.jpg 768w, https:\/\/test.ekr.it\/wp-content\/uploads\/assets\/low\/INS_Ufficio-marketing-errori-sul-catalogo_approvata-1536x1024.jpg 1536w, https:\/\/test.ekr.it\/wp-content\/uploads\/assets\/low\/INS_Ufficio-marketing-errori-sul-catalogo_approvata-200x133.jpg 200w, https:\/\/test.ekr.it\/wp-content\/uploads\/assets\/low\/INS_Ufficio-marketing-errori-sul-catalogo_approvata-400x267.jpg 400w, https:\/\/test.ekr.it\/wp-content\/uploads\/assets\/low\/INS_Ufficio-marketing-errori-sul-catalogo_approvata-600x400.jpg 600w, https:\/\/test.ekr.it\/wp-content\/uploads\/assets\/low\/INS_Ufficio-marketing-errori-sul-catalogo_approvata-800x533.jpg 800w, https:\/\/test.ekr.it\/wp-content\/uploads\/assets\/low\/INS_Ufficio-marketing-errori-sul-catalogo_approvata-1200x800.jpg 1200w\" sizes=\"auto, (max-width: 1920px) 100vw, 1920px\" \/><\/a><\/figure>\n\n\n<div class=\"wp-block-group is-vertical is-layout-flex wp-container-core-group-is-layout-3 wp-block-group-is-layout-flex\" style=\"margin-bottom:var(--wp--preset--spacing--small);padding-top:var(--wp--preset--spacing--xx-small)\"><h4 style=\"margin-top:var(--wp--preset--spacing--xx-small);margin-bottom:var(--wp--preset--spacing--xx-small);\" class=\"wp-block-post-title has-text-color has-heading-color\"><a href=\"https:\/\/test.ekr.it\/tr\/katalogdaki-hatalar-icin-pazarlama-departmaninin-gunah-kecisi\/\" target=\"_self\" >Pazarlama departman\u0131 katalogdaki hatalar\u0131n g\u00fcnah ke\u00e7isi<\/a><\/h4><\/div>\n\n<\/li><li class=\"wp-block-post post-245838 post type-post status-publish format-standard has-post-thumbnail hentry category-blog-tr\">\n<figure style=\"aspect-ratio:auto;height:400px;\" class=\"wp-block-post-featured-image\"><a href=\"https:\/\/test.ekr.it\/tr\/pazarlamayla-ilgilendigini-hayal-et\/\" target=\"_self\"  style=\"height:400px\"><img loading=\"lazy\" decoding=\"async\" width=\"1920\" height=\"1281\" src=\"https:\/\/test.ekr.it\/wp-content\/uploads\/assets\/low\/INS_Ti-occupi-di-marketing-immagina_1_approvata.jpg\" class=\"attachment-post-thumbnail size-post-thumbnail wp-post-image\" alt=\"Pazarlama ile mi ilgileniyorsun? Hayal et&#8230;\" style=\"border-radius:8px;border-style:none;border-width:0px;width:100%;height:100%;object-fit:cover;\" srcset=\"https:\/\/test.ekr.it\/wp-content\/uploads\/assets\/low\/INS_Ti-occupi-di-marketing-immagina_1_approvata.jpg 1920w, https:\/\/test.ekr.it\/wp-content\/uploads\/assets\/low\/INS_Ti-occupi-di-marketing-immagina_1_approvata-300x200.jpg 300w, https:\/\/test.ekr.it\/wp-content\/uploads\/assets\/low\/INS_Ti-occupi-di-marketing-immagina_1_approvata-1024x683.jpg 1024w, https:\/\/test.ekr.it\/wp-content\/uploads\/assets\/low\/INS_Ti-occupi-di-marketing-immagina_1_approvata-768x512.jpg 768w, https:\/\/test.ekr.it\/wp-content\/uploads\/assets\/low\/INS_Ti-occupi-di-marketing-immagina_1_approvata-1536x1025.jpg 1536w, https:\/\/test.ekr.it\/wp-content\/uploads\/assets\/low\/INS_Ti-occupi-di-marketing-immagina_1_approvata-200x133.jpg 200w, https:\/\/test.ekr.it\/wp-content\/uploads\/assets\/low\/INS_Ti-occupi-di-marketing-immagina_1_approvata-400x267.jpg 400w, https:\/\/test.ekr.it\/wp-content\/uploads\/assets\/low\/INS_Ti-occupi-di-marketing-immagina_1_approvata-600x400.jpg 600w, https:\/\/test.ekr.it\/wp-content\/uploads\/assets\/low\/INS_Ti-occupi-di-marketing-immagina_1_approvata-800x534.jpg 800w, https:\/\/test.ekr.it\/wp-content\/uploads\/assets\/low\/INS_Ti-occupi-di-marketing-immagina_1_approvata-1200x801.jpg 1200w\" sizes=\"auto, (max-width: 1920px) 100vw, 1920px\" \/><\/a><\/figure>\n\n\n<div class=\"wp-block-group is-vertical is-layout-flex wp-container-core-group-is-layout-4 wp-block-group-is-layout-flex\" style=\"margin-bottom:var(--wp--preset--spacing--small);padding-top:var(--wp--preset--spacing--xx-small)\"><h4 style=\"margin-top:var(--wp--preset--spacing--xx-small);margin-bottom:var(--wp--preset--spacing--xx-small);\" class=\"wp-block-post-title has-text-color has-heading-color\"><a href=\"https:\/\/test.ekr.it\/tr\/pazarlamayla-ilgilendigini-hayal-et\/\" target=\"_self\" >Pazarlama ile mi ilgileniyorsun? Hayal et&#8230;<\/a><\/h4><\/div>\n\n<\/li><li class=\"wp-block-post post-245825 post type-post status-publish format-standard has-post-thumbnail hentry category-blog-tr\">\n<figure style=\"aspect-ratio:auto;height:400px;\" class=\"wp-block-post-featured-image\"><a href=\"https:\/\/test.ekr.it\/tr\/sirket-kataloglarinda-gereksiz-ceviriler\/\" target=\"_self\"  style=\"height:400px\"><img loading=\"lazy\" decoding=\"async\" width=\"1920\" height=\"1280\" src=\"https:\/\/test.ekr.it\/wp-content\/uploads\/assets\/low\/INS_Video_Traduzioni-ridondanti-elimina-sprechi_approvata.jpg\" class=\"attachment-post-thumbnail size-post-thumbnail wp-post-image\" alt=\"Gereksiz \u00e7eviriler\" style=\"border-radius:8px;border-style:none;border-width:0px;width:100%;height:100%;object-fit:cover;\" srcset=\"https:\/\/test.ekr.it\/wp-content\/uploads\/assets\/low\/INS_Video_Traduzioni-ridondanti-elimina-sprechi_approvata.jpg 1920w, https:\/\/test.ekr.it\/wp-content\/uploads\/assets\/low\/INS_Video_Traduzioni-ridondanti-elimina-sprechi_approvata-300x200.jpg 300w, https:\/\/test.ekr.it\/wp-content\/uploads\/assets\/low\/INS_Video_Traduzioni-ridondanti-elimina-sprechi_approvata-1024x683.jpg 1024w, https:\/\/test.ekr.it\/wp-content\/uploads\/assets\/low\/INS_Video_Traduzioni-ridondanti-elimina-sprechi_approvata-768x512.jpg 768w, https:\/\/test.ekr.it\/wp-content\/uploads\/assets\/low\/INS_Video_Traduzioni-ridondanti-elimina-sprechi_approvata-1536x1024.jpg 1536w, https:\/\/test.ekr.it\/wp-content\/uploads\/assets\/low\/INS_Video_Traduzioni-ridondanti-elimina-sprechi_approvata-200x133.jpg 200w, https:\/\/test.ekr.it\/wp-content\/uploads\/assets\/low\/INS_Video_Traduzioni-ridondanti-elimina-sprechi_approvata-400x267.jpg 400w, https:\/\/test.ekr.it\/wp-content\/uploads\/assets\/low\/INS_Video_Traduzioni-ridondanti-elimina-sprechi_approvata-600x400.jpg 600w, https:\/\/test.ekr.it\/wp-content\/uploads\/assets\/low\/INS_Video_Traduzioni-ridondanti-elimina-sprechi_approvata-800x533.jpg 800w, https:\/\/test.ekr.it\/wp-content\/uploads\/assets\/low\/INS_Video_Traduzioni-ridondanti-elimina-sprechi_approvata-1200x800.jpg 1200w\" sizes=\"auto, (max-width: 1920px) 100vw, 1920px\" \/><\/a><\/figure>\n\n\n<div class=\"wp-block-group is-vertical is-layout-flex wp-container-core-group-is-layout-5 wp-block-group-is-layout-flex\" style=\"margin-bottom:var(--wp--preset--spacing--small);padding-top:var(--wp--preset--spacing--xx-small)\"><h4 style=\"margin-top:var(--wp--preset--spacing--xx-small);margin-bottom:var(--wp--preset--spacing--xx-small);\" class=\"wp-block-post-title has-text-color has-heading-color\"><a href=\"https:\/\/test.ekr.it\/tr\/sirket-kataloglarinda-gereksiz-ceviriler\/\" target=\"_self\" >Gereksiz \u00e7eviriler<\/a><\/h4><\/div>\n\n<\/li><li class=\"wp-block-post post-245789 post type-post status-publish format-standard has-post-thumbnail hentry category-blog-tr\">\n<figure style=\"aspect-ratio:auto;height:400px;\" class=\"wp-block-post-featured-image\"><a href=\"https:\/\/test.ekr.it\/tr\/pazarlama-ile-ilgileniyorsan-nasil-hissederdin-eger\/\" target=\"_self\"  style=\"height:400px\"><img loading=\"lazy\" decoding=\"async\" width=\"1920\" height=\"1280\" src=\"https:\/\/test.ekr.it\/wp-content\/uploads\/assets\/low\/INS_ti-occupi-di-marketing-come-ti-sentiresti-se.JPG\" class=\"attachment-post-thumbnail size-post-thumbnail wp-post-image\" alt=\"Pazarlama ile mi ilgileniyorsun? E\u011fer&#8230;\" style=\"border-radius:8px;border-style:none;border-width:0px;width:100%;height:100%;object-fit:cover;\" srcset=\"https:\/\/test.ekr.it\/wp-content\/uploads\/assets\/low\/INS_ti-occupi-di-marketing-come-ti-sentiresti-se.JPG 1920w, https:\/\/test.ekr.it\/wp-content\/uploads\/assets\/low\/INS_ti-occupi-di-marketing-come-ti-sentiresti-se-300x200.jpg 300w, https:\/\/test.ekr.it\/wp-content\/uploads\/assets\/low\/INS_ti-occupi-di-marketing-come-ti-sentiresti-se-1024x683.jpg 1024w, https:\/\/test.ekr.it\/wp-content\/uploads\/assets\/low\/INS_ti-occupi-di-marketing-come-ti-sentiresti-se-768x512.jpg 768w, https:\/\/test.ekr.it\/wp-content\/uploads\/assets\/low\/INS_ti-occupi-di-marketing-come-ti-sentiresti-se-1536x1024.jpg 1536w, https:\/\/test.ekr.it\/wp-content\/uploads\/assets\/low\/INS_ti-occupi-di-marketing-come-ti-sentiresti-se-200x133.jpg 200w, https:\/\/test.ekr.it\/wp-content\/uploads\/assets\/low\/INS_ti-occupi-di-marketing-come-ti-sentiresti-se-400x267.jpg 400w, https:\/\/test.ekr.it\/wp-content\/uploads\/assets\/low\/INS_ti-occupi-di-marketing-come-ti-sentiresti-se-600x400.jpg 600w, https:\/\/test.ekr.it\/wp-content\/uploads\/assets\/low\/INS_ti-occupi-di-marketing-come-ti-sentiresti-se-800x533.jpg 800w, https:\/\/test.ekr.it\/wp-content\/uploads\/assets\/low\/INS_ti-occupi-di-marketing-come-ti-sentiresti-se-1200x800.jpg 1200w\" sizes=\"auto, (max-width: 1920px) 100vw, 1920px\" \/><\/a><\/figure>\n\n\n<div class=\"wp-block-group is-vertical is-layout-flex wp-container-core-group-is-layout-6 wp-block-group-is-layout-flex\" style=\"margin-bottom:var(--wp--preset--spacing--small);padding-top:var(--wp--preset--spacing--xx-small)\"><h4 style=\"margin-top:var(--wp--preset--spacing--xx-small);margin-bottom:var(--wp--preset--spacing--xx-small);\" class=\"wp-block-post-title has-text-color has-heading-color\"><a href=\"https:\/\/test.ekr.it\/tr\/pazarlama-ile-ilgileniyorsan-nasil-hissederdin-eger\/\" target=\"_self\" >Pazarlama ile mi ilgileniyorsun? E\u011fer&#8230;<\/a><\/h4><\/div>\n\n<\/li><li class=\"wp-block-post post-245784 post type-post status-publish format-standard hentry category-blog-tr\">\n\n\n\n<div class=\"wp-block-group is-vertical is-layout-flex wp-container-core-group-is-layout-7 wp-block-group-is-layout-flex\" style=\"margin-bottom:var(--wp--preset--spacing--small);padding-top:var(--wp--preset--spacing--xx-small)\"><h4 style=\"margin-top:var(--wp--preset--spacing--xx-small);margin-bottom:var(--wp--preset--spacing--xx-small);\" class=\"wp-block-post-title has-text-color has-heading-color\"><a href=\"https:\/\/test.ekr.it\/tr\/urunlerde-tehlikeli-kimyasallar-2\/\" target=\"_self\" >K\u0131sa ba\u015fl\u0131\u011f\u0131n i\u00e7eri\u011fini buraya kopyala<\/a><\/h4><\/div>\n\n<\/li><li class=\"wp-block-post post-245781 post type-post status-publish format-standard has-post-thumbnail hentry category-blog-tr\">\n<figure style=\"aspect-ratio:auto;height:400px;\" class=\"wp-block-post-featured-image\"><a href=\"https:\/\/test.ekr.it\/tr\/onleyici-bakim-tablosu\/\" target=\"_self\"  style=\"height:400px\"><img loading=\"lazy\" decoding=\"async\" width=\"1920\" height=\"1150\" src=\"https:\/\/test.ekr.it\/wp-content\/uploads\/assets\/low\/UseCase_OPA_SplashImage.jpg\" class=\"attachment-post-thumbnail size-post-thumbnail wp-post-image\" alt=\"\u00d6nleyici bak\u0131m tablosu\" style=\"border-radius:8px;border-style:none;border-width:0px;width:100%;height:100%;object-fit:cover;\" srcset=\"https:\/\/test.ekr.it\/wp-content\/uploads\/assets\/low\/UseCase_OPA_SplashImage.jpg 1920w, https:\/\/test.ekr.it\/wp-content\/uploads\/assets\/low\/UseCase_OPA_SplashImage-300x180.jpg 300w, https:\/\/test.ekr.it\/wp-content\/uploads\/assets\/low\/UseCase_OPA_SplashImage-1024x613.jpg 1024w, https:\/\/test.ekr.it\/wp-content\/uploads\/assets\/low\/UseCase_OPA_SplashImage-768x460.jpg 768w, https:\/\/test.ekr.it\/wp-content\/uploads\/assets\/low\/UseCase_OPA_SplashImage-1536x920.jpg 1536w, https:\/\/test.ekr.it\/wp-content\/uploads\/assets\/low\/UseCase_OPA_SplashImage-200x120.jpg 200w, https:\/\/test.ekr.it\/wp-content\/uploads\/assets\/low\/UseCase_OPA_SplashImage-400x240.jpg 400w, https:\/\/test.ekr.it\/wp-content\/uploads\/assets\/low\/UseCase_OPA_SplashImage-600x359.jpg 600w, https:\/\/test.ekr.it\/wp-content\/uploads\/assets\/low\/UseCase_OPA_SplashImage-800x479.jpg 800w, https:\/\/test.ekr.it\/wp-content\/uploads\/assets\/low\/UseCase_OPA_SplashImage-1200x719.jpg 1200w\" sizes=\"auto, (max-width: 1920px) 100vw, 1920px\" \/><\/a><\/figure>\n\n\n<div class=\"wp-block-group is-vertical is-layout-flex wp-container-core-group-is-layout-8 wp-block-group-is-layout-flex\" style=\"margin-bottom:var(--wp--preset--spacing--small);padding-top:var(--wp--preset--spacing--xx-small)\"><h4 style=\"margin-top:var(--wp--preset--spacing--xx-small);margin-bottom:var(--wp--preset--spacing--xx-small);\" class=\"wp-block-post-title has-text-color has-heading-color\"><a href=\"https:\/\/test.ekr.it\/tr\/onleyici-bakim-tablosu\/\" target=\"_self\" >\u00d6nleyici bak\u0131m tablosu<\/a><\/h4><\/div>\n\n<\/li><li class=\"wp-block-post post-245735 post type-post status-publish format-standard has-post-thumbnail hentry category-blog-tr\">\n<figure style=\"aspect-ratio:auto;height:400px;\" class=\"wp-block-post-featured-image\"><a href=\"https:\/\/test.ekr.it\/tr\/teknik-ofisinizi-daha-verimli-hale-getirmenin-yollari\/\" target=\"_self\"  style=\"height:400px\"><img loading=\"lazy\" decoding=\"async\" width=\"1920\" height=\"1280\" src=\"https:\/\/test.ekr.it\/wp-content\/uploads\/assets\/low\/INS_ufficiot1_approvata.jpg\" class=\"attachment-post-thumbnail size-post-thumbnail wp-post-image\" alt=\"Teknik ofisinizi daha verimli hale nas\u0131l getirirsiniz\" style=\"border-radius:8px;border-style:none;border-width:0px;width:100%;height:100%;object-fit:cover;\" srcset=\"https:\/\/test.ekr.it\/wp-content\/uploads\/assets\/low\/INS_ufficiot1_approvata.jpg 1920w, https:\/\/test.ekr.it\/wp-content\/uploads\/assets\/low\/INS_ufficiot1_approvata-300x200.jpg 300w, https:\/\/test.ekr.it\/wp-content\/uploads\/assets\/low\/INS_ufficiot1_approvata-1024x683.jpg 1024w, https:\/\/test.ekr.it\/wp-content\/uploads\/assets\/low\/INS_ufficiot1_approvata-768x512.jpg 768w, https:\/\/test.ekr.it\/wp-content\/uploads\/assets\/low\/INS_ufficiot1_approvata-1536x1024.jpg 1536w, https:\/\/test.ekr.it\/wp-content\/uploads\/assets\/low\/INS_ufficiot1_approvata-200x133.jpg 200w, https:\/\/test.ekr.it\/wp-content\/uploads\/assets\/low\/INS_ufficiot1_approvata-400x267.jpg 400w, https:\/\/test.ekr.it\/wp-content\/uploads\/assets\/low\/INS_ufficiot1_approvata-600x400.jpg 600w, https:\/\/test.ekr.it\/wp-content\/uploads\/assets\/low\/INS_ufficiot1_approvata-800x533.jpg 800w, https:\/\/test.ekr.it\/wp-content\/uploads\/assets\/low\/INS_ufficiot1_approvata-1200x800.jpg 1200w\" sizes=\"auto, (max-width: 1920px) 100vw, 1920px\" \/><\/a><\/figure>\n\n\n<div class=\"wp-block-group is-vertical is-layout-flex wp-container-core-group-is-layout-9 wp-block-group-is-layout-flex\" style=\"margin-bottom:var(--wp--preset--spacing--small);padding-top:var(--wp--preset--spacing--xx-small)\"><h4 style=\"margin-top:var(--wp--preset--spacing--xx-small);margin-bottom:var(--wp--preset--spacing--xx-small);\" class=\"wp-block-post-title has-text-color has-heading-color\"><a href=\"https:\/\/test.ekr.it\/tr\/teknik-ofisinizi-daha-verimli-hale-getirmenin-yollari\/\" target=\"_self\" >Teknik ofisinizi daha verimli hale nas\u0131l getirirsiniz<\/a><\/h4><\/div>\n\n<\/li><li class=\"wp-block-post post-245730 post type-post status-publish format-standard has-post-thumbnail hentry category-blog-tr\">\n<figure style=\"aspect-ratio:auto;height:400px;\" class=\"wp-block-post-featured-image\"><a href=\"https:\/\/test.ekr.it\/tr\/urunlerde-tehlikeli-kimyasallar\/\" target=\"_self\"  style=\"height:400px\"><img loading=\"lazy\" decoding=\"async\" width=\"345\" height=\"200\" src=\"https:\/\/test.ekr.it\/wp-content\/uploads\/assets\/low\/INS_Sostanze-chimiche-pericolose-negli-articoli.jpg\" class=\"attachment-post-thumbnail size-post-thumbnail wp-post-image\" alt=\"Makalelerde tehlikeli kimyasallar\" style=\"border-radius:8px;border-style:none;border-width:0px;width:100%;height:100%;object-fit:cover;\" srcset=\"https:\/\/test.ekr.it\/wp-content\/uploads\/assets\/low\/INS_Sostanze-chimiche-pericolose-negli-articoli.jpg 345w, https:\/\/test.ekr.it\/wp-content\/uploads\/assets\/low\/INS_Sostanze-chimiche-pericolose-negli-articoli-300x174.jpg 300w, https:\/\/test.ekr.it\/wp-content\/uploads\/assets\/low\/INS_Sostanze-chimiche-pericolose-negli-articoli-200x116.jpg 200w\" sizes=\"auto, (max-width: 345px) 100vw, 345px\" \/><\/a><\/figure>\n\n\n<div class=\"wp-block-group is-vertical is-layout-flex wp-container-core-group-is-layout-10 wp-block-group-is-layout-flex\" style=\"margin-bottom:var(--wp--preset--spacing--small);padding-top:var(--wp--preset--spacing--xx-small)\"><h4 style=\"margin-top:var(--wp--preset--spacing--xx-small);margin-bottom:var(--wp--preset--spacing--xx-small);\" class=\"wp-block-post-title has-text-color has-heading-color\"><a href=\"https:\/\/test.ekr.it\/tr\/urunlerde-tehlikeli-kimyasallar\/\" target=\"_self\" >Makalelerde tehlikeli kimyasallar<\/a><\/h4><\/div>\n\n<\/li><\/ul>\n\n<nav class=\"wp-block-query-pagination is-content-justification-center is-layout-flex wp-container-core-query-pagination-is-layout-1 wp-block-query-pagination-is-layout-flex\" aria-label=\"Sayfalama\">\n\n\n<div class=\"wp-block-query-pagination-numbers\"><span aria-current=\"page\" class=\"page-numbers current\">1<\/span>\n<a class=\"page-numbers\" href=\"?query-13-page=2\">2<\/a>\n<a class=\"page-numbers\" href=\"?query-13-page=3\">3<\/a>\n<span class=\"page-numbers dots\">&hellip;<\/span>\n<a class=\"page-numbers\" href=\"?query-13-page=7\">7<\/a><\/div>\n\n<a href=\"\/tr\/wp-json\/wp\/v2\/pages\/236753?query-13-page=2\" class=\"wp-block-query-pagination-next\">Sonraki sayfa<span class='wp-block-query-pagination-next-arrow is-arrow-arrow' aria-hidden='true'>\u2192<\/span><\/a>\n<\/nav><\/div>\n<\/div>\n","protected":false},"excerpt":{"rendered":"","protected":false},"author":0,"featured_media":22795,"parent":0,"menu_order":0,"comment_status":"closed","ping_status":"closed","template":"","meta":{"elastic_search":"","_uag_custom_page_level_css":"","footnotes":""},"class_list":["post-236753","page","type-page","status-publish","has-post-thumbnail","hentry"],"uagb_featured_image_src":{"full":["https:\/\/test.ekr.it\/wp-content\/uploads\/assets\/low\/BLOG_Blog-insight.jpg",1500,1101,false],"thumbnail":["https:\/\/test.ekr.it\/wp-content\/uploads\/assets\/low\/BLOG_Blog-insight-150x150.jpg",150,150,true],"medium":["https:\/\/test.ekr.it\/wp-content\/uploads\/assets\/low\/BLOG_Blog-insight-300x220.jpg",300,220,true],"medium_large":["https:\/\/test.ekr.it\/wp-content\/uploads\/assets\/low\/BLOG_Blog-insight-768x564.jpg",768,564,true],"large":["https:\/\/test.ekr.it\/wp-content\/uploads\/assets\/low\/BLOG_Blog-insight-1024x752.jpg",1024,752,true],"1536x1536":["https:\/\/test.ekr.it\/wp-content\/uploads\/assets\/low\/BLOG_Blog-insight.jpg",1500,1101,false],"2048x2048":["https:\/\/test.ekr.it\/wp-content\/uploads\/assets\/low\/BLOG_Blog-insight.jpg",1500,1101,false]},"uagb_author_info":{"display_name":"Elia Santagiuliana","author_link":"https:\/\/test.ekr.it\/tr\/author\/"},"uagb_comment_info":0,"uagb_excerpt":null,"_links":{"self":[{"href":"https:\/\/test.ekr.it\/tr\/wp-json\/wp\/v2\/pages\/236753","targetHints":{"allow":["GET"]}}],"collection":[{"href":"https:\/\/test.ekr.it\/tr\/wp-json\/wp\/v2\/pages"}],"about":[{"href":"https:\/\/test.ekr.it\/tr\/wp-json\/wp\/v2\/types\/page"}],"replies":[{"embeddable":true,"href":"https:\/\/test.ekr.it\/tr\/wp-json\/wp\/v2\/comments?post=236753"}],"version-history":[{"count":0,"href":"https:\/\/test.ekr.it\/tr\/wp-json\/wp\/v2\/pages\/236753\/revisions"}],"wp:featuredmedia":[{"embeddable":true,"href":"https:\/\/test.ekr.it\/tr\/wp-json\/wp\/v2\/media\/22795"}],"wp:attachment":[{"href":"https:\/\/test.ekr.it\/tr\/wp-json\/wp\/v2\/media?parent=236753"}],"curies":[{"name":"wp","href":"https:\/\/api.w.org\/{rel}","templated":true}]}}